{"id":6595,"date":"2023-01-12T22:44:26","date_gmt":"2023-01-12T21:44:26","guid":{"rendered":"https:\/\/www.famillecheron.com\/?page_id=6595"},"modified":"2023-03-22T16:18:24","modified_gmt":"2023-03-22T15:18:24","slug":"the-wines-of-the-famille-cheron","status":"publish","type":"page","link":"https:\/\/www.famillecheron.com\/en\/the-wines-of-the-famille-cheron\/","title":{"rendered":"The wines of the Famille Ch\u00e9ron"},"content":{"rendered":"","protected":false},"excerpt":{"rendered":"","protected":false},"author":1,"featured_media":6466,"parent":0,"menu_order":0,"comment_status":"closed","ping_status":"closed","template":"","meta":{"_acf_changed":false,"_seopress_robots_primary_cat":"","_seopress_titles_title":"The wines of the Ch\u00e9ron Family, great C\u00f4tes-du-Rh\u00f4ne wines","_seopress_titles_desc":"4 generations of winemakers have given birth to many exceptional vintages, always guided by the same desire: &quot;to share his love of wine&quot;. ","_seopress_robots_index":"","footnotes":""},"class_list":["post-6595","page","type-page","status-publish","has-post-thumbnail"],"acf":[],"_links":{"self":[{"href":"https:\/\/www.famillecheron.com\/en\/wp-json\/wp\/v2\/pages\/6595","targetHints":{"allow":["GET"]}}],"collection":[{"href":"https:\/\/www.famillecheron.com\/en\/wp-json\/wp\/v2\/pages"}],"about":[{"href":"https:\/\/www.famillecheron.com\/en\/wp-json\/wp\/v2\/types\/page"}],"author":[{"embeddable":true,"href":"https:\/\/www.famillecheron.com\/en\/wp-json\/wp\/v2\/users\/1"}],"replies":[{"embeddable":true,"href":"https:\/\/www.famillecheron.com\/en\/wp-json\/wp\/v2\/comments?post=6595"}],"version-history":[{"count":15,"href":"https:\/\/www.famillecheron.com\/en\/wp-json\/wp\/v2\/pages\/6595\/revisions"}],"predecessor-version":[{"id":6802,"href":"https:\/\/www.famillecheron.com\/en\/wp-json\/wp\/v2\/pages\/6595\/revisions\/6802"}],"wp:featuredmedia":[{"embeddable":true,"href":"https:\/\/www.famillecheron.com\/en\/wp-json\/wp\/v2\/media\/6466"}],"wp:attachment":[{"href":"https:\/\/www.famillecheron.com\/en\/wp-json\/wp\/v2\/media?parent=6595"}],"curies":[{"name":"wp","href":"https:\/\/api.w.org\/{rel}","templated":true}]}}